{"id":118,"date":"2025-12-25T22:31:36","date_gmt":"2025-12-25T22:31:36","guid":{"rendered":"https:\/\/kb.pabel.me\/?page_id=118"},"modified":"2025-12-25T22:32:58","modified_gmt":"2025-12-25T22:32:58","slug":"barockcello","status":"publish","type":"page","link":"https:\/\/kb.pabel.me\/?page_id=118","title":{"rendered":"Barockcello"},"content":{"rendered":"\n<header class=\"wp-block-cover\" style=\"min-height:250px;aspect-ratio:unset;\"><img loading=\"lazy\" decoding=\"async\" width=\"1542\" height=\"2560\" class=\"wp-block-cover__image-background wp-image-53 size-full\" alt=\"\" src=\"https:\/\/kb.pabel.me\/wp-content\/uploads\/2025\/12\/IMG_8360-scaled.jpg\" style=\"object-position:72% 25%\" data-object-fit=\"cover\" data-object-position=\"72% 25%\" srcset=\"https:\/\/kb.pabel.me\/wp-content\/uploads\/2025\/12\/IMG_8360-scaled.jpg 1542w, https:\/\/kb.pabel.me\/wp-content\/uploads\/2025\/12\/IMG_8360-181x300.jpg 181w, https:\/\/kb.pabel.me\/wp-content\/uploads\/2025\/12\/IMG_8360-617x1024.jpg 617w, https:\/\/kb.pabel.me\/wp-content\/uploads\/2025\/12\/IMG_8360-768x1275.jpg 768w, https:\/\/kb.pabel.me\/wp-content\/uploads\/2025\/12\/IMG_8360-925x1536.jpg 925w, https:\/\/kb.pabel.me\/wp-content\/uploads\/2025\/12\/IMG_8360-1233x2048.jpg 1233w\" sizes=\"auto, (max-width: 1542px) 100vw, 1542px\" \/><span aria-hidden=\"true\" class=\"wp-block-cover__background has-background-dim\" style=\"background-color:#63534e\"><\/span><div class=\"wp-block-cover__inner-container is-layout-flow wp-block-cover-is-layout-flow\">\n<h1 class=\"wp-block-heading has-text-align-center has-large-font-size\">Barockcello<\/h1>\n<\/div><\/header>\n\n\n\n<div style=\"height:50px\" aria-hidden=\"true\" class=\"wp-block-spacer\"><\/div>\n\n\n\n<p>Das hier gezeigte Barock-Cello wurde speziell nach Kundenw\u00fcnschen gefertigt. Das Ziel war, ein Cello zu konstruieren, das dem barocken Klangideal m\u00f6glichst nahe kommt und dennoch, vor allem bei der Mensur, eine m\u00f6glichst gro\u00dfe \u00dcbereinstimmung mit einem modernen Violoncello aufweist. Um dies zu erreichen, musste zun\u00e4chst ein l\u00e4ngerer und schlankerer Hals verwendet werden als bei einem Barockcello. Auch der Korpus musste entsprechend vergr\u00f6\u00dfert werden.<\/p>\n\n\n\n<p>Um die aus diesen Ver\u00e4nderungen resultierenden neuen Klangeigenschaften dem barocken Vorbild wieder anzugleichen, wurde in ausgiebigen Versuchen eine abgewandelte Deckenstruktur entwickelt. Durch die verwendeten Darmseiten war es m\u00f6glich, eine in bestimmten Bereichen sehr d\u00fcnne Decke zu verwenden. Diese Decke in Verbindung mit einem speziell angepassten Stimmstock und Bassbalken erm\u00f6glichte schlie\u00dflich eine weitgehende Ann\u00e4herung an barocke Vergleichsinstrumente von Hendrik Jacobs (Amsterdam 1629-1699) und Giambattista Rogeri (Brescia 1650-1730).<\/p>\n\n\n\n<p>Auf eine historisierende &#8222;Hammerschlag&#8220; Optik wurde bewusst verzichtet, da es sich nicht um ein nachgemachtes altes, sondern ein feines neues Instrument handelt.<\/p>\n\n\n\n<div style=\"height:50px\" aria-hidden=\"true\" class=\"wp-block-spacer\"><\/div>\n\n\n\n<figure class=\"wp-block-gallery has-nested-images columns-default is-cropped wp-block-gallery-1 is-layout-flex wp-block-gallery-is-layout-flex\">\n<figure class=\"wp-block-image size-large\"><img loading=\"lazy\" decoding=\"async\" width=\"300\" height=\"400\" data-id=\"103\" src=\"https:\/\/kb.pabel.me\/wp-content\/uploads\/2025\/12\/cello7.jpg\" alt=\"\" class=\"wp-image-103\" srcset=\"https:\/\/kb.pabel.me\/wp-content\/uploads\/2025\/12\/cello7.jpg 300w, https:\/\/kb.pabel.me\/wp-content\/uploads\/2025\/12\/cello7-225x300.jpg 225w\" sizes=\"auto, (max-width: 300px) 100vw, 300px\" \/><\/figure>\n\n\n\n<figure class=\"wp-block-image size-large\"><img loading=\"lazy\" decoding=\"async\" width=\"300\" height=\"400\" data-id=\"102\" src=\"https:\/\/kb.pabel.me\/wp-content\/uploads\/2025\/12\/cello6.jpg\" alt=\"\" class=\"wp-image-102\" srcset=\"https:\/\/kb.pabel.me\/wp-content\/uploads\/2025\/12\/cello6.jpg 300w, https:\/\/kb.pabel.me\/wp-content\/uploads\/2025\/12\/cello6-225x300.jpg 225w\" sizes=\"auto, (max-width: 300px) 100vw, 300px\" \/><\/figure>\n\n\n\n<figure class=\"wp-block-image size-large\"><img loading=\"lazy\" decoding=\"async\" width=\"300\" height=\"400\" data-id=\"101\" src=\"https:\/\/kb.pabel.me\/wp-content\/uploads\/2025\/12\/cello5.jpg\" alt=\"\" class=\"wp-image-101\" srcset=\"https:\/\/kb.pabel.me\/wp-content\/uploads\/2025\/12\/cello5.jpg 300w, https:\/\/kb.pabel.me\/wp-content\/uploads\/2025\/12\/cello5-225x300.jpg 225w\" sizes=\"auto, (max-width: 300px) 100vw, 300px\" \/><\/figure>\n\n\n\n<figure class=\"wp-block-image size-large\"><img loading=\"lazy\" decoding=\"async\" width=\"300\" height=\"400\" data-id=\"100\" src=\"https:\/\/kb.pabel.me\/wp-content\/uploads\/2025\/12\/cello4.jpg\" alt=\"\" class=\"wp-image-100\" srcset=\"https:\/\/kb.pabel.me\/wp-content\/uploads\/2025\/12\/cello4.jpg 300w, https:\/\/kb.pabel.me\/wp-content\/uploads\/2025\/12\/cello4-225x300.jpg 225w\" sizes=\"auto, (max-width: 300px) 100vw, 300px\" \/><\/figure>\n\n\n\n<figure class=\"wp-block-image size-large\"><img loading=\"lazy\" decoding=\"async\" width=\"300\" height=\"400\" data-id=\"99\" src=\"https:\/\/kb.pabel.me\/wp-content\/uploads\/2025\/12\/cello3.jpg\" alt=\"\" class=\"wp-image-99\" srcset=\"https:\/\/kb.pabel.me\/wp-content\/uploads\/2025\/12\/cello3.jpg 300w, https:\/\/kb.pabel.me\/wp-content\/uploads\/2025\/12\/cello3-225x300.jpg 225w\" sizes=\"auto, (max-width: 300px) 100vw, 300px\" \/><\/figure>\n\n\n\n<figure class=\"wp-block-image size-large\"><img loading=\"lazy\" decoding=\"async\" width=\"300\" height=\"400\" data-id=\"98\" src=\"https:\/\/kb.pabel.me\/wp-content\/uploads\/2025\/12\/cello2.jpg\" alt=\"\" class=\"wp-image-98\" srcset=\"https:\/\/kb.pabel.me\/wp-content\/uploads\/2025\/12\/cello2.jpg 300w, https:\/\/kb.pabel.me\/wp-content\/uploads\/2025\/12\/cello2-225x300.jpg 225w\" sizes=\"auto, (max-width: 300px) 100vw, 300px\" \/><\/figure>\n\n\n\n<figure class=\"wp-block-image size-full\"><img loading=\"lazy\" decoding=\"async\" width=\"300\" height=\"400\" data-id=\"97\" src=\"https:\/\/kb.pabel.me\/wp-content\/uploads\/2025\/12\/cello1.jpg\" alt=\"\" class=\"wp-image-97\" srcset=\"https:\/\/kb.pabel.me\/wp-content\/uploads\/2025\/12\/cello1.jpg 300w, https:\/\/kb.pabel.me\/wp-content\/uploads\/2025\/12\/cello1-225x300.jpg 225w\" sizes=\"auto, (max-width: 300px) 100vw, 300px\" \/><\/figure>\n<\/figure>\n","protected":false},"excerpt":{"rendered":"<p>Das hier gezeigte Barock-Cello wurde speziell nach Kundenw\u00fcnschen gefertigt. Das Ziel war, ein Cello zu konstruieren, das dem barocken Klangideal m\u00f6glichst nahe kommt und dennoch, vor allem bei der Mensur, eine m\u00f6glichst gro\u00dfe \u00dcbereinstimmung mit einem modernen Violoncello aufweist. Um dies zu erreichen, musste zun\u00e4chst ein l\u00e4ngerer und schlankerer Hals verwendet werden als bei einem [&hellip;]<\/p>\n","protected":false},"author":1,"featured_media":0,"parent":70,"menu_order":0,"comment_status":"closed","ping_status":"closed","template":"page-templates\/page-full-width.php","meta":{"footnotes":""},"class_list":["post-118","page","type-page","status-publish","hentry"],"_links":{"self":[{"href":"https:\/\/kb.pabel.me\/index.php?rest_route=\/wp\/v2\/pages\/118","targetHints":{"allow":["GET"]}}],"collection":[{"href":"https:\/\/kb.pabel.me\/index.php?rest_route=\/wp\/v2\/pages"}],"about":[{"href":"https:\/\/kb.pabel.me\/index.php?rest_route=\/wp\/v2\/types\/page"}],"author":[{"embeddable":true,"href":"https:\/\/kb.pabel.me\/index.php?rest_route=\/wp\/v2\/users\/1"}],"replies":[{"embeddable":true,"href":"https:\/\/kb.pabel.me\/index.php?rest_route=%2Fwp%2Fv2%2Fcomments&post=118"}],"version-history":[{"count":2,"href":"https:\/\/kb.pabel.me\/index.php?rest_route=\/wp\/v2\/pages\/118\/revisions"}],"predecessor-version":[{"id":121,"href":"https:\/\/kb.pabel.me\/index.php?rest_route=\/wp\/v2\/pages\/118\/revisions\/121"}],"up":[{"embeddable":true,"href":"https:\/\/kb.pabel.me\/index.php?rest_route=\/wp\/v2\/pages\/70"}],"wp:attachment":[{"href":"https:\/\/kb.pabel.me\/index.php?rest_route=%2Fwp%2Fv2%2Fmedia&parent=118"}],"curies":[{"name":"wp","href":"https:\/\/api.w.org\/{rel}","templated":true}]}}