{"id":70,"date":"2025-12-25T22:09:43","date_gmt":"2025-12-25T22:09:43","guid":{"rendered":"https:\/\/kb.pabel.me\/?page_id=70"},"modified":"2025-12-25T22:32:00","modified_gmt":"2025-12-25T22:32:00","slug":"neubau","status":"publish","type":"page","link":"https:\/\/kb.pabel.me\/?page_id=70","title":{"rendered":"Neubau"},"content":{"rendered":"\n<header class=\"wp-block-cover\" style=\"min-height:250px;aspect-ratio:unset;\"><img loading=\"lazy\" decoding=\"async\" width=\"617\" height=\"1024\" class=\"wp-block-cover__image-background wp-image-53 size-large\" alt=\"\" src=\"https:\/\/kb.pabel.me\/wp-content\/uploads\/2025\/12\/IMG_8360-617x1024.jpg\" style=\"object-position:67% 26%\" data-object-fit=\"cover\" data-object-position=\"67% 26%\" srcset=\"https:\/\/kb.pabel.me\/wp-content\/uploads\/2025\/12\/IMG_8360-617x1024.jpg 617w, https:\/\/kb.pabel.me\/wp-content\/uploads\/2025\/12\/IMG_8360-181x300.jpg 181w, https:\/\/kb.pabel.me\/wp-content\/uploads\/2025\/12\/IMG_8360-768x1275.jpg 768w, https:\/\/kb.pabel.me\/wp-content\/uploads\/2025\/12\/IMG_8360-925x1536.jpg 925w, https:\/\/kb.pabel.me\/wp-content\/uploads\/2025\/12\/IMG_8360-1233x2048.jpg 1233w, https:\/\/kb.pabel.me\/wp-content\/uploads\/2025\/12\/IMG_8360-scaled.jpg 1542w\" sizes=\"auto, (max-width: 617px) 100vw, 617px\" \/><span aria-hidden=\"true\" class=\"wp-block-cover__background has-background-dim\" style=\"background-color:#63534e\"><\/span><div class=\"wp-block-cover__inner-container is-layout-flow wp-block-cover-is-layout-flow\">\n<h1 class=\"wp-block-heading has-text-align-center has-large-font-size\">Neubau<\/h1>\n<\/div><\/header>\n\n\n\n<div style=\"height:50px\" aria-hidden=\"true\" class=\"wp-block-spacer\"><\/div>\n\n\n\n<p>Wir fertigen den Bass, den Sie schon immer gesucht haben!<\/p>\n\n\n\n<ul class=\"wp-block-list\">\n<li>Mit ma\u00dfgeschneiderter Mensur<\/li>\n\n\n\n<li>Individueller Klangeinrichtung<\/li>\n\n\n\n<li>Von aggressiv &#8222;hell&#8220; bis fast schon &#8222;dunkle-Gambe&#8220; alle Klangfarben sind m\u00f6glich<\/li>\n\n\n\n<li>Nachbau von historischen Instrumenten<\/li>\n<\/ul>\n\n\n\n<p class=\"has-text-align-left\">Gerade bei Kontrab\u00e4ssen besteht ein gro\u00dfer Bedarf an neuen Instrumenten, da der Bestand an guten alten B\u00e4ssen relativ gering ist. Daher bauen wir handwerklich und klanglich erstklassige neue Kontrab\u00e4sse nach Ihren W\u00fcnschen. Aufgrund langj\u00e4hriger Orchestererfahrung werden alle Instrumente klanglich wie spieltechnisch optimal eingerichtet.<\/p>\n\n\n\n<p>Wir richten uns dabei genau nach Ihren Vorstellungen und setzten alles was m\u00f6glich ist auch um.<\/p>\n\n\n\n<ul class=\"wp-block-list\">\n<li>Saitenzahl<\/li>\n\n\n\n<li>Holzbeschaffenheit und Farbe<\/li>\n\n\n\n<li>Gr\u00f6\u00dfe und Mensur<\/li>\n\n\n\n<li>Form (Geigenform, Gitarrenform, etc.)<\/li>\n\n\n\n<li>Historische Vorbilder<\/li>\n<\/ul>\n\n\n\n<p>Jedes Instrument ist eine Einzelanfertigung.<br>Das einzige, was Sie bei uns nicht finden werden, sind billige Fabrikinstrumente.<\/p>\n\n\n\n<p>Schauen Sie sich doch die folgenden Beispiele einmal an:<\/p>\n\n\n\n<div style=\"height:20px\" aria-hidden=\"true\" class=\"wp-block-spacer\"><\/div>\n\n\n\n<div class=\"wp-block-columns are-vertically-aligned-center is-layout-flex wp-container-core-columns-is-layout-9d6595d7 wp-block-columns-is-layout-flex\">\n<div class=\"wp-block-column is-vertically-aligned-center is-layout-flow wp-block-column-is-layout-flow\">\n<div class=\"wp-block-cover aligncenter has-custom-content-position is-position-bottom-center\"><img loading=\"lazy\" decoding=\"async\" width=\"300\" height=\"400\" class=\"wp-block-cover__image-background wp-image-76 size-full\" alt=\"\" src=\"https:\/\/kb.pabel.me\/wp-content\/uploads\/2025\/12\/bassett_ganz.jpg\" data-object-fit=\"cover\" srcset=\"https:\/\/kb.pabel.me\/wp-content\/uploads\/2025\/12\/bassett_ganz.jpg 300w, https:\/\/kb.pabel.me\/wp-content\/uploads\/2025\/12\/bassett_ganz-225x300.jpg 225w\" sizes=\"auto, (max-width: 300px) 100vw, 300px\" \/><span aria-hidden=\"true\" class=\"wp-block-cover__background has-background-dim\" style=\"background-color:#84786e\"><\/span><div class=\"wp-block-cover__inner-container is-layout-flow wp-block-cover-is-layout-flow\">\n<p data-wp-context---core-fit-text=\"core\/fit-text::{&quot;fontSize&quot;:&quot;&quot;}\" data-wp-init---core-fit-text=\"core\/fit-text::callbacks.init\" data-wp-interactive data-wp-style--font-size=\"core\/fit-text::context.fontSize\" class=\"has-text-align-center has-fit-text has-large-font-size\"><a href=\"https:\/\/kb.pabel.me\/?page_id=109\" data-type=\"page\" data-id=\"109\">Bassett-Modell<\/a><\/p>\n<\/div><\/div>\n<\/div>\n\n\n\n<div class=\"wp-block-column is-vertically-aligned-center is-layout-flow wp-block-column-is-layout-flow\">\n<div class=\"wp-block-cover has-custom-content-position is-position-bottom-center\"><img loading=\"lazy\" decoding=\"async\" width=\"300\" height=\"400\" class=\"wp-block-cover__image-background wp-image-89 size-full\" alt=\"\" src=\"https:\/\/kb.pabel.me\/wp-content\/uploads\/2025\/12\/violin_seite.jpg\" style=\"object-position:47% 53%\" data-object-fit=\"cover\" data-object-position=\"47% 53%\" srcset=\"https:\/\/kb.pabel.me\/wp-content\/uploads\/2025\/12\/violin_seite.jpg 300w, https:\/\/kb.pabel.me\/wp-content\/uploads\/2025\/12\/violin_seite-225x300.jpg 225w\" sizes=\"auto, (max-width: 300px) 100vw, 300px\" \/><span aria-hidden=\"true\" class=\"wp-block-cover__background has-background-dim\" style=\"background-color:#7e785f\"><\/span><div class=\"wp-block-cover__inner-container is-layout-flow wp-block-cover-is-layout-flow\">\n<p class=\"has-text-align-center has-large-font-size\"><a href=\"https:\/\/kb.pabel.me\/?page_id=116\" data-type=\"page\" data-id=\"116\">Violin-Modell<\/a><\/p>\n<\/div><\/div>\n<\/div>\n\n\n\n<div class=\"wp-block-column is-vertically-aligned-center is-layout-flow wp-block-column-is-layout-flow\">\n<div class=\"wp-block-cover aligncenter has-custom-content-position is-position-bottom-center\"><img loading=\"lazy\" decoding=\"async\" width=\"300\" height=\"400\" class=\"wp-block-cover__image-background wp-image-97\" alt=\"\" src=\"https:\/\/kb.pabel.me\/wp-content\/uploads\/2025\/12\/cello1.jpg\" data-object-fit=\"cover\" srcset=\"https:\/\/kb.pabel.me\/wp-content\/uploads\/2025\/12\/cello1.jpg 300w, https:\/\/kb.pabel.me\/wp-content\/uploads\/2025\/12\/cello1-225x300.jpg 225w\" sizes=\"auto, (max-width: 300px) 100vw, 300px\" \/><span aria-hidden=\"true\" class=\"wp-block-cover__background has-background-dim\"><\/span><div class=\"wp-block-cover__inner-container is-layout-flow wp-block-cover-is-layout-flow\">\n<p class=\"has-text-align-center has-large-font-size\"><a href=\"https:\/\/kb.pabel.me\/?page_id=118\" data-type=\"page\" data-id=\"118\">Barockcello<\/a><\/p>\n<\/div><\/div>\n<\/div>\n<\/div>\n\n\n\n<p><\/p>\n","protected":false},"excerpt":{"rendered":"<p>Wir fertigen den Bass, den Sie schon immer gesucht haben! Gerade bei Kontrab\u00e4ssen besteht ein gro\u00dfer Bedarf an neuen Instrumenten, da der Bestand an guten alten B\u00e4ssen relativ gering ist. Daher bauen wir handwerklich und klanglich erstklassige neue Kontrab\u00e4sse nach Ihren W\u00fcnschen. Aufgrund langj\u00e4hriger Orchestererfahrung werden alle Instrumente klanglich wie spieltechnisch optimal eingerichtet. Wir richten [&hellip;]<\/p>\n","protected":false},"author":1,"featured_media":0,"parent":0,"menu_order":0,"comment_status":"closed","ping_status":"closed","template":"page-templates\/page-full-width.php","meta":{"footnotes":""},"class_list":["post-70","page","type-page","status-publish","hentry"],"_links":{"self":[{"href":"https:\/\/kb.pabel.me\/index.php?rest_route=\/wp\/v2\/pages\/70","targetHints":{"allow":["GET"]}}],"collection":[{"href":"https:\/\/kb.pabel.me\/index.php?rest_route=\/wp\/v2\/pages"}],"about":[{"href":"https:\/\/kb.pabel.me\/index.php?rest_route=\/wp\/v2\/types\/page"}],"author":[{"embeddable":true,"href":"https:\/\/kb.pabel.me\/index.php?rest_route=\/wp\/v2\/users\/1"}],"replies":[{"embeddable":true,"href":"https:\/\/kb.pabel.me\/index.php?rest_route=%2Fwp%2Fv2%2Fcomments&post=70"}],"version-history":[{"count":10,"href":"https:\/\/kb.pabel.me\/index.php?rest_route=\/wp\/v2\/pages\/70\/revisions"}],"predecessor-version":[{"id":120,"href":"https:\/\/kb.pabel.me\/index.php?rest_route=\/wp\/v2\/pages\/70\/revisions\/120"}],"wp:attachment":[{"href":"https:\/\/kb.pabel.me\/index.php?rest_route=%2Fwp%2Fv2%2Fmedia&parent=70"}],"curies":[{"name":"wp","href":"https:\/\/api.w.org\/{rel}","templated":true}]}}